{"id":164,"date":"2017-07-22T07:55:42","date_gmt":"2017-07-22T07:55:42","guid":{"rendered":"https:\/\/roesalka.nl\/?page_id=164"},"modified":"2017-07-30T21:13:30","modified_gmt":"2017-07-30T21:13:30","slug":"persbericht","status":"publish","type":"page","link":"https:\/\/roesalka.nl\/ua\/persbericht\/","title":{"rendered":"Persbericht"},"content":{"rendered":"<p><img loading=\"lazy\" class=\"size-medium wp-image-165 alignright\" src=\"https:\/\/roesalka.nl\/wp-content\/uploads\/2017\/07\/roman-pyndus-2-225x300.jpg\" alt=\"\" width=\"300\" height=\"400\" srcset=\"https:\/\/roesalka.nl\/wp-content\/uploads\/2017\/07\/roman-pyndus-2-225x300.jpg 225w, https:\/\/roesalka.nl\/wp-content\/uploads\/2017\/07\/roman-pyndus-2.jpg 500w\" sizes=\"(max-width: 300px) 100vw, 300px\" \/><\/p>\n<p>Medeoprichter en erevoorzitter van Oekra\u00efense zang- en dansgroep Roesalka en sinds 2005 ridder in de orde van Oranje Nassau, Roman Pyndus, is woensdag 28 december 2016, na een kort verblijf in Trivium, op 92-jarige leeftijd overleden.<\/p>\n<p>Op 30 mei 1924 werd Roman Pyndus geboren in Oekra\u00efne en als 17-jarige jongen werd hij door de Duitse bezetter opgepakt en in Duitsland tewerkgesteld. Na de oorlog wilde hij niet terug naar zijn geboorteland en kwam hij via allerlei omzwervingen in Nederland\u00a0terecht waar hij in Hengelo vele jaren bij Stork heeft gewerkt.<\/p>\n<p>Uiteraard werd direct na de oorlog op informele wijze uiting gegeven aan de Oekra\u00efense cultuur middels zang en dans tijdens feesten en bij de mensen waarbij ze in de kost waren. Pas in 1955 werd besloten om Roesalka op te richten.<\/p>\n<p>Vorig jaar was Roman nog prominent aanwezig bij het 60-jarig jubileum van z\u00edjn Roesalka en kreeg hij samen\u00a0met enkele ereleden en de artistieke leiding een onderscheiding\u00a0uitgereikt door de Oekra\u00efense\u00a0 ambassadeur.<br \/>\nBijna zijn hele leven lang heeft Roman zich ingezet voor het uitdragen van de Oekra\u00efense cultuur en tradities.\u00a0 Op onnavolgbare wijze heeft Roman zijn stempel gedrukt op Roesalka en al haar leden en oud-leden. <\/p>\n<p>In 2005, tijdens het 50-jarig jubileum van Roesalka, werd hij onder andere hiervoor \u00e9n vanwege de\u00a0\u00a0multiculturele bijdrage die hij met z\u00edjn Roesalka aan de samenleving leverde door de toenmalige burgemeester van Hengelo, Frank Kerckheart, onderscheiden tot ridder in de orde van Oranje Nassau.<br \/>\nTot op hoge leeftijd was Roman nog actief bij optredens, de maat aangevend met zijn onafscheidelijke\u00a0tamboerijn; bij gelegenheid liet hij nog even zien hoe je de traditionele hurkdans moest inzetten en sleepte hij de tenoren mee in de juiste melodie van de Oekra\u00efense liedjes.<\/p>\n<p>Nu is Roman Pyndus uitgedanst en gezongen maar de herinnering aan Roman blijft levend zolang Roesalka bestaat. Het afscheid valt de leden zwaar maar ze weten allemaal hoe Roman was als mens en dat houden ze in\u00a0gedachten als ze weer een optreden of een andere activiteit hebben.\u00a0<br \/>\nRoesalka verzorgt al decennia lang optredens in binnen-en buitenland en is officieel ambassadeur van de\u00a0 Oekra\u00efense cultuur. Op dit moment staat Roesalka onder leiding van Elena Dat-Kopanychuk en Oleksandra Provozina.<\/p>\n<p>De groep bestaat uit Nederlandse en Oekra\u00efense leden. Met de prachtige kostuums en afwisselende choreografie\u00ebn, met authentieke zang en dans uit Oekra\u00efne, oogst Roesalka overal veel lof.\u00a0<\/p>\n<p>Het jaarlijks terugkerend Oekra\u00efens nieuwjaarsfeest waar liefhebbers en vrienden van Roesalka elkaar treffen en waar altijd een afvaardiging van de Oekra\u00efense ambassade aanwezig is, is \u00e9\u00e9n van de hoogtepunten.<\/p>\n<p>Op 15 januari 2017 zal Roesalka, tijdens het nieuwjaarsfeest,\u00a0 uitgebreid stilstaan bij het overlijden van Roman Pyndus<br \/>\nRoman Pyndus wordt op dinsdag 3 januari om 16.00 uur gecremeerd in het <a href=\"https:\/\/www.crematoriatwente.nl\/\">crematorium Usselo<\/a>.\u00a0Alle vrienden, bekenden, leden van bevriende verenigingen, leden en oud-leden worden hierbij uitgenodigd om Roman de laatste eer te bewijzen.<\/p>\n<p><img loading=\"lazy\" class=\"size-medium wp-image-167 aligncenter\" src=\"https:\/\/roesalka.nl\/wp-content\/uploads\/2017\/07\/roman-pyndus-3-300x201.jpg\" alt=\"\" width=\"300\" height=\"201\" srcset=\"https:\/\/roesalka.nl\/wp-content\/uploads\/2017\/07\/roman-pyndus-3-300x201.jpg 300w, https:\/\/roesalka.nl\/wp-content\/uploads\/2017\/07\/roman-pyndus-3.jpg 500w\" sizes=\"(max-width: 300px) 100vw, 300px\" \/><\/p>\n","protected":false},"excerpt":{"rendered":"<p>Medeoprichter en erevoorzitter van Oekra\u00efense zang- en dansgroep Roesalka en sinds 2005 ridder in de orde van Oranje Nassau, Roman Pyndus, is woensdag 28 december 2016, na een kort verblijf&#8230; <a href=\"https:\/\/roesalka.nl\/ua\/persbericht\/\">Read more &raquo;<\/a><\/p>\n","protected":false},"author":3,"featured_media":0,"parent":0,"menu_order":0,"comment_status":"closed","ping_status":"closed","template":"","meta":[],"_links":{"self":[{"href":"https:\/\/roesalka.nl\/ua\/wp-json\/wp\/v2\/pages\/164"}],"collection":[{"href":"https:\/\/roesalka.nl\/ua\/wp-json\/wp\/v2\/pages"}],"about":[{"href":"https:\/\/roesalka.nl\/ua\/wp-json\/wp\/v2\/types\/page"}],"author":[{"embeddable":true,"href":"https:\/\/roesalka.nl\/ua\/wp-json\/wp\/v2\/users\/3"}],"replies":[{"embeddable":true,"href":"https:\/\/roesalka.nl\/ua\/wp-json\/wp\/v2\/comments?post=164"}],"version-history":[{"count":5,"href":"https:\/\/roesalka.nl\/ua\/wp-json\/wp\/v2\/pages\/164\/revisions"}],"predecessor-version":[{"id":305,"href":"https:\/\/roesalka.nl\/ua\/wp-json\/wp\/v2\/pages\/164\/revisions\/305"}],"wp:attachment":[{"href":"https:\/\/roesalka.nl\/ua\/wp-json\/wp\/v2\/media?parent=164"}],"curies":[{"name":"wp","href":"https:\/\/api.w.org\/{rel}","templated":true}]}}