{"id":413,"date":"2017-08-01T20:56:15","date_gmt":"2017-08-01T20:56:15","guid":{"rendered":"https:\/\/roesalka.nl\/nieuw\/?page_id=413"},"modified":"2017-08-01T20:59:53","modified_gmt":"2017-08-01T20:59:53","slug":"oleksandra-provozina","status":"publish","type":"page","link":"https:\/\/roesalka.nl\/ua\/oleksandra-provozina\/","title":{"rendered":"Oleksandra Provozina"},"content":{"rendered":"<p>Vanaf medio 2014 is Oleksandra de nieuwe choreografe \/ dansleidster van Roesalka nadat\u00a0Lesya van der Hulst &#8211; Ivegesh\u00a0wegens het starten van een eigen bedrijf hiervoor geen tijd meer had. Door deze wijziging heeft Roesalka nog steeds een Oekra\u00efense dansleiding en dat is supergoed! Want wie kan beter de Oekra\u00efense dansen overbrengen dan iemand die in Oekra\u00efne is geboren en getogen&#8230;?<br \/>\n<img loading=\"lazy\" class=\"size-medium wp-image-414 alignleft\" src=\"https:\/\/roesalka.nl\/nieuw\/wp-content\/uploads\/2017\/08\/Sasha-201x300.jpg\" alt=\"\" width=\"201\" height=\"300\" srcset=\"https:\/\/roesalka.nl\/wp-content\/uploads\/2017\/08\/Sasha-201x300.jpg 201w, https:\/\/roesalka.nl\/wp-content\/uploads\/2017\/08\/Sasha.jpg 482w\" sizes=\"(max-width: 201px) 100vw, 201px\" \/><br \/>\nOleksandra Provozina (Sasha) is geboren in Kirovohrad en is begonnen met dansen in een jeugdgroep van het beroemde Oekra\u00efense volksdans-ensemble &#8220;Yatran\u201d; zij was toen pas 4 jaar oud.<br \/>\nOp zestien jarige leeftijd werd Sasha opgenomen in de professionele afdeling van &#8220;Yatran\u201d.<br \/>\nToen ze met haar studie aan de universiteit begon, waar zij uiteindelijk afstudeerde als Master in Pedagogie, heeft zij korte tijd afstand genomen van haar danscarri\u00e8re. Nadat de studie was afgerond, ging Sasha dansen in een jazz-ballet-groep in Egypte.<br \/>\nIn 2009 is Sasha naar Nederland gekomen waar ze, tot haar grote verrassing, Roesalka ontdekte waarbij ze nu de danstrainingen verzorgt.<br \/>\nSasha: \u201dIn mijn danslessen wil ik een mix van klassieke dans, volksdans en moderne dans overbrengen.<br \/>\nIk vind het leuk om de choreografie van nieuwe dansen te bedenken en vind het bovendien erg leuk om met de groep op te treden.<br \/>\nDe Oekra\u00efense cultuur kent enorm veel facetten en is rijk aan tradities; ik doe mijn best om de cultuur en de tradities zo goed mogelijk uit te dragen\u2026\u201d.<\/p>\n","protected":false},"excerpt":{"rendered":"<p>Vanaf medio 2014 is Oleksandra de nieuwe choreografe \/ dansleidster van Roesalka nadat\u00a0Lesya van der Hulst &#8211; Ivegesh\u00a0wegens het starten van een eigen bedrijf hiervoor geen tijd meer had. Door&#8230; <a href=\"https:\/\/roesalka.nl\/ua\/oleksandra-provozina\/\">Read more &raquo;<\/a><\/p>\n","protected":false},"author":3,"featured_media":0,"parent":0,"menu_order":0,"comment_status":"closed","ping_status":"closed","template":"","meta":[],"_links":{"self":[{"href":"https:\/\/roesalka.nl\/ua\/wp-json\/wp\/v2\/pages\/413"}],"collection":[{"href":"https:\/\/roesalka.nl\/ua\/wp-json\/wp\/v2\/pages"}],"about":[{"href":"https:\/\/roesalka.nl\/ua\/wp-json\/wp\/v2\/types\/page"}],"author":[{"embeddable":true,"href":"https:\/\/roesalka.nl\/ua\/wp-json\/wp\/v2\/users\/3"}],"replies":[{"embeddable":true,"href":"https:\/\/roesalka.nl\/ua\/wp-json\/wp\/v2\/comments?post=413"}],"version-history":[{"count":3,"href":"https:\/\/roesalka.nl\/ua\/wp-json\/wp\/v2\/pages\/413\/revisions"}],"predecessor-version":[{"id":418,"href":"https:\/\/roesalka.nl\/ua\/wp-json\/wp\/v2\/pages\/413\/revisions\/418"}],"wp:attachment":[{"href":"https:\/\/roesalka.nl\/ua\/wp-json\/wp\/v2\/media?parent=413"}],"curies":[{"name":"wp","href":"https:\/\/api.w.org\/{rel}","templated":true}]}}